{"id":1063,"date":"2018-05-08T12:56:06","date_gmt":"2018-05-08T10:56:06","guid":{"rendered":"https:\/\/www.damerau-rechtsanwaelte.de\/?page_id=1063"},"modified":"2020-06-04T14:29:37","modified_gmt":"2020-06-04T12:29:37","slug":"claudia-freise","status":"publish","type":"page","link":"https:\/\/www.freise-rechtsanwaelte.de\/en\/team\/claudia-freise\/","title":{"rendered":"Claudia Freise"},"content":{"rendered":"\n\t\t\t\t<img loading=\"lazy\" decoding=\"async\" src=\"https:\/\/www.freise-rechtsanwaelte.de\/wp-content\/uploads\/2019\/09\/Damerau_Rechtsanwaelte_Claudia_Freise-1.jpg\" alt=\"Frau Freise (Rechtsanw\u00e4lte Damerau)\" itemprop=\"image\" height=\"1106\" width=\"730\" title=\"Damerau_Rechtsanwaelte_Claudia_Freise\" onerror=\"this.style.display='none'\"  \/>\n\t<h1>Claudia Freise<\/h1>\n<p>n\u00e9e Dre\u00dfler<\/p>\n<p>Born: 1984 in Ludwigsfelde<\/p>\n<p>Lawyer Admitted to the Berlin Bar Association in 2012<\/p>\n<p><strong>Education<\/strong><\/p>\n<p>Law Degree, University of Potsdam First State Examination, 2009<\/p>\n<p>Traineeship at the Brandenburg Higher Regional Court, 2010 to 2012 with placements at:<\/p>\n<ul>\n<li>Investment Bank Berlin IBB<\/li>\n<li>German Railways AG, Berlin<\/li>\n<li>Squire Patton Boggs LLP (at that time still known as Squire Sanders LLP), Berlin<\/li>\n<\/ul>\n<p>Second State Examination, 2012<\/p>\n<p><strong>Additional qualifications:<\/strong><\/p>\n<p>Specialist in banking and capital markets law<\/p>\n<p><strong>Professional Career:<\/strong><\/p>\nLawyer in medium-sized Berlin law firm. Practice area: banking and capital markets law, 2012 to 2014<br \/>\nEmployed by DAMERAU law firm since 2015.<br \/>\n<strong>Publications:<\/strong>\n<ul>\n<li>Processing Fees for Commercial Property Loans (Article: Land Ownership, No. 22\/2016, p. 1432 f.)<\/li>\n<li>Steffens \/ Dressler, A Practical Guide to Ship Funds (DeGruyter, 2014)<\/li>\n<\/ul>\n<p><strong>Languages:<\/strong><\/p>\n<p>German, English (business fluent), French (fluent).<\/p>\n\t<h1>Key Areas<\/h1>\nBanking and Capital Markets Law,<br \/>\nCommercial and Company Law,<br \/>\nReal Estate Law,<br \/>\nInsolvency Law,<br \/>\ngeneral Contract Law,<br \/>\nongoing advice on closed-end property funds\n\t<a href=\"https:\/\/www.freise-rechtsanwaelte.de\/en\/banking-and-capital-markets-law\/\">Banking and Capital Markets Law<\/a>\n<a href=\"https:\/\/www.freise-rechtsanwaelte.de\/en\/insolvency-law-and-restructuring\/\">Insolvency Law<\/a>\n<a href=\"https:\/\/www.freise-rechtsanwaelte.de\/en\/banking-and-capital-markets-law\/closed-end-funds\/\">ongoing advice on closed-end property funds<\/a>\n<a href=\"https:\/\/www.freise-rechtsanwaelte.de\/en\/real-estate-law\/\">Real Estate Law<\/a>\n","protected":false},"excerpt":{"rendered":"<p>Claudia Freise n\u00e9e Dre\u00dfler Born: 1984 in Ludwigsfelde Lawyer Admitted to the Berlin Bar Association in 2012 Education Law Degree, University of Potsdam First State Examination, 2009 Traineeship at the Brandenburg Higher Regional Court, 2010 to 2012 with placements at: Investment Bank Berlin IBB German Railways AG, Berlin Squire Patton Boggs LLP (at that time [&hellip;]<\/p>\n","protected":false},"author":2,"featured_media":0,"parent":1082,"menu_order":0,"comment_status":"closed","ping_status":"closed","template":"","meta":{"footnotes":""},"class_list":["post-1063","page","type-page","status-publish","hentry"],"yoast_head":"<!-- This site is optimized with the Yoast SEO plugin v20.3 - https:\/\/yoast.com\/wordpress\/plugins\/seo\/ -->\n<title>Claudia Freise - Freise Rechtsanw\u00e4lte<\/title>\n<meta name=\"robots\" content=\"index, follow, max-snippet:-1, max-image-preview:large, max-video-preview:-1\" \/>\n<link rel=\"canonical\" href=\"https:\/\/www.freise-rechtsanwaelte.de\/en\/team\/claudia-freise\/\" \/>\n<meta property=\"og:locale\" content=\"en_US\" \/>\n<meta property=\"og:type\" content=\"article\" \/>\n<meta property=\"og:title\" content=\"Claudia Freise - Freise Rechtsanw\u00e4lte\" \/>\n<meta property=\"og:description\" content=\"Claudia Freise n\u00e9e Dre\u00dfler Born: 1984 in Ludwigsfelde Lawyer Admitted to the Berlin Bar Association in 2012 Education Law Degree, University of Potsdam First State Examination, 2009 Traineeship at the Brandenburg Higher Regional Court, 2010 to 2012 with placements at: Investment Bank Berlin IBB German Railways AG, Berlin Squire Patton Boggs LLP (at that time [&hellip;]\" \/>\n<meta property=\"og:url\" content=\"https:\/\/www.freise-rechtsanwaelte.de\/en\/team\/claudia-freise\/\" \/>\n<meta property=\"og:site_name\" content=\"Freise Rechtsanw\u00e4lte\" \/>\n<meta property=\"article:modified_time\" content=\"2020-06-04T12:29:37+00:00\" \/>\n<meta property=\"og:image\" content=\"https:\/\/www.freise-rechtsanwaelte.de\/wp-content\/uploads\/2019\/09\/Damerau_Rechtsanwaelte_Claudia_Freise-1.jpg\" \/>\n<meta name=\"twitter:card\" content=\"summary_large_image\" \/>\n<meta name=\"twitter:label1\" content=\"Est. reading time\" \/>\n\t<meta name=\"twitter:data1\" content=\"1 minute\" \/>\n<script type=\"application\/ld+json\" class=\"yoast-schema-graph\">{\"@context\":\"https:\/\/schema.org\",\"@graph\":[{\"@type\":\"WebPage\",\"@id\":\"https:\/\/www.freise-rechtsanwaelte.de\/en\/team\/claudia-freise\/\",\"url\":\"https:\/\/www.freise-rechtsanwaelte.de\/en\/team\/claudia-freise\/\",\"name\":\"Claudia Freise - Freise Rechtsanw\u00e4lte\",\"isPartOf\":{\"@id\":\"https:\/\/www.freise-rechtsanwaelte.de\/#website\"},\"datePublished\":\"2018-05-08T10:56:06+00:00\",\"dateModified\":\"2020-06-04T12:29:37+00:00\",\"breadcrumb\":{\"@id\":\"https:\/\/www.freise-rechtsanwaelte.de\/en\/team\/claudia-freise\/#breadcrumb\"},\"inLanguage\":\"en-US\",\"potentialAction\":[{\"@type\":\"ReadAction\",\"target\":[\"https:\/\/www.freise-rechtsanwaelte.de\/en\/team\/claudia-freise\/\"]}]},{\"@type\":\"BreadcrumbList\",\"@id\":\"https:\/\/www.freise-rechtsanwaelte.de\/en\/team\/claudia-freise\/#breadcrumb\",\"itemListElement\":[{\"@type\":\"ListItem\",\"position\":1,\"name\":\"Startseite\",\"item\":\"https:\/\/www.freise-rechtsanwaelte.de\/en\/\"},{\"@type\":\"ListItem\",\"position\":2,\"name\":\"Team\",\"item\":\"https:\/\/www.freise-rechtsanwaelte.de\/en\/team\/\"},{\"@type\":\"ListItem\",\"position\":3,\"name\":\"Claudia Freise\"}]},{\"@type\":\"WebSite\",\"@id\":\"https:\/\/www.freise-rechtsanwaelte.de\/#website\",\"url\":\"https:\/\/www.freise-rechtsanwaelte.de\/\",\"name\":\"Freise Rechtsanw\u00e4lte\",\"description\":\"Eine weitere WordPress Website\",\"potentialAction\":[{\"@type\":\"SearchAction\",\"target\":{\"@type\":\"EntryPoint\",\"urlTemplate\":\"https:\/\/www.freise-rechtsanwaelte.de\/?s={search_term_string}\"},\"query-input\":\"required name=search_term_string\"}],\"inLanguage\":\"en-US\"}]}<\/script>\n<!-- \/ Yoast SEO plugin. -->","yoast_head_json":{"title":"Claudia Freise - Freise Rechtsanw\u00e4lte","robots":{"index":"index","follow":"follow","max-snippet":"max-snippet:-1","max-image-preview":"max-image-preview:large","max-video-preview":"max-video-preview:-1"},"canonical":"https:\/\/www.freise-rechtsanwaelte.de\/en\/team\/claudia-freise\/","og_locale":"en_US","og_type":"article","og_title":"Claudia Freise - Freise Rechtsanw\u00e4lte","og_description":"Claudia Freise n\u00e9e Dre\u00dfler Born: 1984 in Ludwigsfelde Lawyer Admitted to the Berlin Bar Association in 2012 Education Law Degree, University of Potsdam First State Examination, 2009 Traineeship at the Brandenburg Higher Regional Court, 2010 to 2012 with placements at: Investment Bank Berlin IBB German Railways AG, Berlin Squire Patton Boggs LLP (at that time [&hellip;]","og_url":"https:\/\/www.freise-rechtsanwaelte.de\/en\/team\/claudia-freise\/","og_site_name":"Freise Rechtsanw\u00e4lte","article_modified_time":"2020-06-04T12:29:37+00:00","og_image":[{"url":"https:\/\/www.freise-rechtsanwaelte.de\/wp-content\/uploads\/2019\/09\/Damerau_Rechtsanwaelte_Claudia_Freise-1.jpg"}],"twitter_card":"summary_large_image","twitter_misc":{"Est. reading time":"1 minute"},"schema":{"@context":"https:\/\/schema.org","@graph":[{"@type":"WebPage","@id":"https:\/\/www.freise-rechtsanwaelte.de\/en\/team\/claudia-freise\/","url":"https:\/\/www.freise-rechtsanwaelte.de\/en\/team\/claudia-freise\/","name":"Claudia Freise - Freise Rechtsanw\u00e4lte","isPartOf":{"@id":"https:\/\/www.freise-rechtsanwaelte.de\/#website"},"datePublished":"2018-05-08T10:56:06+00:00","dateModified":"2020-06-04T12:29:37+00:00","breadcrumb":{"@id":"https:\/\/www.freise-rechtsanwaelte.de\/en\/team\/claudia-freise\/#breadcrumb"},"inLanguage":"en-US","potentialAction":[{"@type":"ReadAction","target":["https:\/\/www.freise-rechtsanwaelte.de\/en\/team\/claudia-freise\/"]}]},{"@type":"BreadcrumbList","@id":"https:\/\/www.freise-rechtsanwaelte.de\/en\/team\/claudia-freise\/#breadcrumb","itemListElement":[{"@type":"ListItem","position":1,"name":"Startseite","item":"https:\/\/www.freise-rechtsanwaelte.de\/en\/"},{"@type":"ListItem","position":2,"name":"Team","item":"https:\/\/www.freise-rechtsanwaelte.de\/en\/team\/"},{"@type":"ListItem","position":3,"name":"Claudia Freise"}]},{"@type":"WebSite","@id":"https:\/\/www.freise-rechtsanwaelte.de\/#website","url":"https:\/\/www.freise-rechtsanwaelte.de\/","name":"Freise Rechtsanw\u00e4lte","description":"Eine weitere WordPress Website","potentialAction":[{"@type":"SearchAction","target":{"@type":"EntryPoint","urlTemplate":"https:\/\/www.freise-rechtsanwaelte.de\/?s={search_term_string}"},"query-input":"required name=search_term_string"}],"inLanguage":"en-US"}]}},"_links":{"self":[{"href":"https:\/\/www.freise-rechtsanwaelte.de\/en\/wp-json\/wp\/v2\/pages\/1063\/"}],"collection":[{"href":"https:\/\/www.freise-rechtsanwaelte.de\/en\/wp-json\/wp\/v2\/pages\/"}],"about":[{"href":"https:\/\/www.freise-rechtsanwaelte.de\/en\/wp-json\/wp\/v2\/types\/page\/"}],"author":[{"embeddable":true,"href":"https:\/\/www.freise-rechtsanwaelte.de\/en\/wp-json\/wp\/v2\/users\/2\/"}],"replies":[{"embeddable":true,"href":"https:\/\/www.freise-rechtsanwaelte.de\/en\/wp-json\/wp\/v2\/comments\/?post=1063"}],"version-history":[{"count":6,"href":"https:\/\/www.freise-rechtsanwaelte.de\/en\/wp-json\/wp\/v2\/pages\/1063\/revisions\/"}],"predecessor-version":[{"id":1454,"href":"https:\/\/www.freise-rechtsanwaelte.de\/en\/wp-json\/wp\/v2\/pages\/1063\/revisions\/1454\/"}],"up":[{"embeddable":true,"href":"https:\/\/www.freise-rechtsanwaelte.de\/en\/wp-json\/wp\/v2\/pages\/1082\/"}],"wp:attachment":[{"href":"https:\/\/www.freise-rechtsanwaelte.de\/en\/wp-json\/wp\/v2\/media\/?parent=1063"}],"curies":[{"name":"wp","href":"https:\/\/api.w.org\/{rel}","templated":true}]}}