{"id":1056,"date":"2018-05-08T12:15:53","date_gmt":"2018-05-08T10:15:53","guid":{"rendered":"https:\/\/www.damerau-rechtsanwaelte.de\/?page_id=1056"},"modified":"2023-05-16T17:26:32","modified_gmt":"2023-05-16T15:26:32","slug":"imprint","status":"publish","type":"page","link":"https:\/\/www.freise-rechtsanwaelte.de\/en\/imprint\/","title":{"rendered":"Imprint"},"content":{"rendered":"\n\n\t<h1>Imprint<\/h1>\n\t<table width=\"306\">\n<tbody>\n<tr>\n<td>Address:\n<p>&nbsp;<\/p>\n&nbsp;<\/td>\n<td>DAMERAU Rechtsanw\u00e4lte<br \/>\nRechtsanwaltsgesellschaft mbH<br \/>\nKurf\u00fcrstendamm 67<br \/>\n10707 Berlin<\/td>\n<\/tr>\n<tr>\n<td>Telephone:<\/td>\n<td>+49 (030) 895 8000 &#8211; 0<\/td>\n<\/tr>\n<tr>\n<td>Fax:<\/td>\n<td>+49 (030)\u00a0 30 10 61 12<\/td>\n<\/tr>\n<tr>\n<td>Email:<\/td>\n<td>info@damerau-rechtsanwaelte.de<\/td>\n<\/tr>\n<tr>\n<td>Internet:<\/td>\n<td>www.damerau-rechtsanwaelte.de<br \/>\nwww.damerau-berlin.de<\/td>\n<\/tr>\n<tr>\n<td>VAT no.:\nSitz\/Reg.-Nr.:<br \/>\nReg.-Gericht:\n<p>&nbsp;<\/p>\n<p>Manager:<\/p>\n&nbsp;<\/td>\n<td>&nbsp;\n<p>DE 27\/255\/50133<\/p>\nBerlin | HRB 207858B<br \/>\nAG Charlottenburg\n<p>&nbsp;<\/p>\n<p>Claudia Freise<\/p>\n<p>&nbsp;<\/p>\n&nbsp;<\/td>\n<\/tr>\n<tr>\n<td>Web Design and programming:<\/td>\n<td>FORMLOS Berlin<br \/>\n<a href=\"https:\/\/www.formlos-berlin.de\/\" target=\"_blank\" rel=\"noopener\">www.formlos-berlin.de<\/a><\/td>\n<\/tr>\n<\/tbody>\n<\/table>\n\t<p><strong>Professional Titles<\/strong><\/p>\nThe legal professional title &#8220;Rechtsanw\u00e4ltin&#8221; or &#8220;Rechtsanwalt&#8221; (herein translated as &#8220;lawyer&#8221; ) of the natural persons presented on these pages is awarded in the Federal Republic of Germany. Any person named as &#8220;lawyer&#8221; on this website may practice law in the Federal Republic of Germany and is a member of the Berlin Bar Association (a public body), Littenstra\u00dfe 9, 10179 Berlin.<br \/>\nFurther information can be found at www.rak-berlin.de.\n<p><strong>Professional regulations<\/strong><\/p>\n<p>The activities of lawyers are subject to the following professional regulations: Federal Lawyers&#8217; Act (BRAO), Professional Code for Lawyers (BORA), Specialist Lawyers&#8217; Regulations (FAO), Lawyers&#8217; Compensation Act [RVG] [replaces the the Federal Code of Lawyers Fees (BRAGO) for cases commenced after 01.07.2004], the Code of Conduct for European Lawyers (CCBE regulations), the Act governing the Activities of European Lawyers in Germany (EuRAG). The text of these regulations can be found on the Federal Bar Association website (BRAK): www.brak.de.<\/p>\n<p><strong>Responsible for editorial content:<\/strong><\/p>\n<p>Claudia Freise, lawyer, Kurf\u00fcrstendamm 67, 10707 Berlin<\/p>\n<p><strong>Disclaimer \/ Data protection<\/strong><\/p>\n<p>Whilst the content presented throughout this website has been carefully considered and checked for accuracy, FREISE Law Firm neither guarantees nor assumes any liability for the currency, correctness and completeness of the information provided on these pages. The same also applies to the content of external websites to which direct or indirect reference is made from these pages and over whose contents FREISE Law Firm has no influence. The content of these pages is protected by copyright. Reproduction or distribution (in whole or in part) of the written information provided on this website requires the prior written consent of Mrs. Claudia Freise, lawyer. FREISE Law Firm reserves the right to make changes or additions to the information provided at any time and without prior notice. Any personal data which is communicated to us during your use of our website or via email will be treated in accordance with the applicable legal data protection regulations.<\/p>\n<p>Further information can be found here our <a href=\"https:\/\/www.freise-rechtsanwaelte.de\/en\/data-protection\/?lang=en\">privacy policy<\/a>.<\/p>\n<p>The information on our website does not constitute online legal advice.<\/p>\n<p>The EU Commission online dispute resolution platform: <a href=\"https:\/\/ec.europa.eu\/consumers\/odr\/\">https:\/\/ec.europa.eu\/consumers\/odr\/<\/a><\/p>\n\n","protected":false},"excerpt":{"rendered":"<p>Imprint Address: &nbsp; &nbsp; DAMERAU Rechtsanw\u00e4lte Rechtsanwaltsgesellschaft mbH Kurf\u00fcrstendamm 67 10707 Berlin Telephone: +49 (030) 895 8000 &#8211; 0 Fax: +49 (030)\u00a0 30 10 61 12 Email: info@damerau-rechtsanwaelte.de Internet: www.damerau-rechtsanwaelte.de www.damerau-berlin.de VAT no.: Sitz\/Reg.-Nr.: Reg.-Gericht: &nbsp; Manager: &nbsp; &nbsp; DE 27\/255\/50133 Berlin | HRB 207858B AG Charlottenburg &nbsp; Claudia Freise &nbsp; &nbsp; Web Design and [&hellip;]<\/p>\n","protected":false},"author":2,"featured_media":0,"parent":0,"menu_order":0,"comment_status":"closed","ping_status":"closed","template":"","meta":{"footnotes":""},"class_list":["post-1056","page","type-page","status-publish","hentry"],"yoast_head":"<!-- This site is optimized with the Yoast SEO plugin v20.3 - https:\/\/yoast.com\/wordpress\/plugins\/seo\/ -->\n<title>Imprint - Freise Rechtsanw\u00e4lte<\/title>\n<meta name=\"robots\" content=\"index, follow, max-snippet:-1, max-image-preview:large, max-video-preview:-1\" \/>\n<link rel=\"canonical\" href=\"https:\/\/www.freise-rechtsanwaelte.de\/en\/imprint\/\" \/>\n<meta property=\"og:locale\" content=\"en_US\" \/>\n<meta property=\"og:type\" content=\"article\" \/>\n<meta property=\"og:title\" content=\"Imprint - Freise Rechtsanw\u00e4lte\" \/>\n<meta property=\"og:description\" content=\"Imprint Address: &nbsp; &nbsp; DAMERAU Rechtsanw\u00e4lte Rechtsanwaltsgesellschaft mbH Kurf\u00fcrstendamm 67 10707 Berlin Telephone: +49 (030) 895 8000 &#8211; 0 Fax: +49 (030)\u00a0 30 10 61 12 Email: info@damerau-rechtsanwaelte.de Internet: www.damerau-rechtsanwaelte.de www.damerau-berlin.de VAT no.: Sitz\/Reg.-Nr.: Reg.-Gericht: &nbsp; Manager: &nbsp; &nbsp; DE 27\/255\/50133 Berlin | HRB 207858B AG Charlottenburg &nbsp; Claudia Freise &nbsp; &nbsp; Web Design and [&hellip;]\" \/>\n<meta property=\"og:url\" content=\"https:\/\/www.freise-rechtsanwaelte.de\/en\/imprint\/\" \/>\n<meta property=\"og:site_name\" content=\"Freise Rechtsanw\u00e4lte\" \/>\n<meta property=\"article:modified_time\" content=\"2023-05-16T15:26:32+00:00\" \/>\n<meta name=\"twitter:card\" content=\"summary_large_image\" \/>\n<meta name=\"twitter:label1\" content=\"Est. reading time\" \/>\n\t<meta name=\"twitter:data1\" content=\"2 minutes\" \/>\n<script type=\"application\/ld+json\" class=\"yoast-schema-graph\">{\"@context\":\"https:\/\/schema.org\",\"@graph\":[{\"@type\":\"WebPage\",\"@id\":\"https:\/\/www.freise-rechtsanwaelte.de\/en\/imprint\/\",\"url\":\"https:\/\/www.freise-rechtsanwaelte.de\/en\/imprint\/\",\"name\":\"Imprint - Freise Rechtsanw\u00e4lte\",\"isPartOf\":{\"@id\":\"https:\/\/www.freise-rechtsanwaelte.de\/#website\"},\"datePublished\":\"2018-05-08T10:15:53+00:00\",\"dateModified\":\"2023-05-16T15:26:32+00:00\",\"breadcrumb\":{\"@id\":\"https:\/\/www.freise-rechtsanwaelte.de\/en\/imprint\/#breadcrumb\"},\"inLanguage\":\"en-US\",\"potentialAction\":[{\"@type\":\"ReadAction\",\"target\":[\"https:\/\/www.freise-rechtsanwaelte.de\/en\/imprint\/\"]}]},{\"@type\":\"BreadcrumbList\",\"@id\":\"https:\/\/www.freise-rechtsanwaelte.de\/en\/imprint\/#breadcrumb\",\"itemListElement\":[{\"@type\":\"ListItem\",\"position\":1,\"name\":\"Startseite\",\"item\":\"https:\/\/www.freise-rechtsanwaelte.de\/en\/\"},{\"@type\":\"ListItem\",\"position\":2,\"name\":\"Imprint\"}]},{\"@type\":\"WebSite\",\"@id\":\"https:\/\/www.freise-rechtsanwaelte.de\/#website\",\"url\":\"https:\/\/www.freise-rechtsanwaelte.de\/\",\"name\":\"Freise Rechtsanw\u00e4lte\",\"description\":\"Eine weitere WordPress Website\",\"potentialAction\":[{\"@type\":\"SearchAction\",\"target\":{\"@type\":\"EntryPoint\",\"urlTemplate\":\"https:\/\/www.freise-rechtsanwaelte.de\/?s={search_term_string}\"},\"query-input\":\"required name=search_term_string\"}],\"inLanguage\":\"en-US\"}]}<\/script>\n<!-- \/ Yoast SEO plugin. -->","yoast_head_json":{"title":"Imprint - Freise Rechtsanw\u00e4lte","robots":{"index":"index","follow":"follow","max-snippet":"max-snippet:-1","max-image-preview":"max-image-preview:large","max-video-preview":"max-video-preview:-1"},"canonical":"https:\/\/www.freise-rechtsanwaelte.de\/en\/imprint\/","og_locale":"en_US","og_type":"article","og_title":"Imprint - Freise Rechtsanw\u00e4lte","og_description":"Imprint Address: &nbsp; &nbsp; DAMERAU Rechtsanw\u00e4lte Rechtsanwaltsgesellschaft mbH Kurf\u00fcrstendamm 67 10707 Berlin Telephone: +49 (030) 895 8000 &#8211; 0 Fax: +49 (030)\u00a0 30 10 61 12 Email: info@damerau-rechtsanwaelte.de Internet: www.damerau-rechtsanwaelte.de www.damerau-berlin.de VAT no.: Sitz\/Reg.-Nr.: Reg.-Gericht: &nbsp; Manager: &nbsp; &nbsp; DE 27\/255\/50133 Berlin | HRB 207858B AG Charlottenburg &nbsp; Claudia Freise &nbsp; &nbsp; Web Design and [&hellip;]","og_url":"https:\/\/www.freise-rechtsanwaelte.de\/en\/imprint\/","og_site_name":"Freise Rechtsanw\u00e4lte","article_modified_time":"2023-05-16T15:26:32+00:00","twitter_card":"summary_large_image","twitter_misc":{"Est. reading time":"2 minutes"},"schema":{"@context":"https:\/\/schema.org","@graph":[{"@type":"WebPage","@id":"https:\/\/www.freise-rechtsanwaelte.de\/en\/imprint\/","url":"https:\/\/www.freise-rechtsanwaelte.de\/en\/imprint\/","name":"Imprint - Freise Rechtsanw\u00e4lte","isPartOf":{"@id":"https:\/\/www.freise-rechtsanwaelte.de\/#website"},"datePublished":"2018-05-08T10:15:53+00:00","dateModified":"2023-05-16T15:26:32+00:00","breadcrumb":{"@id":"https:\/\/www.freise-rechtsanwaelte.de\/en\/imprint\/#breadcrumb"},"inLanguage":"en-US","potentialAction":[{"@type":"ReadAction","target":["https:\/\/www.freise-rechtsanwaelte.de\/en\/imprint\/"]}]},{"@type":"BreadcrumbList","@id":"https:\/\/www.freise-rechtsanwaelte.de\/en\/imprint\/#breadcrumb","itemListElement":[{"@type":"ListItem","position":1,"name":"Startseite","item":"https:\/\/www.freise-rechtsanwaelte.de\/en\/"},{"@type":"ListItem","position":2,"name":"Imprint"}]},{"@type":"WebSite","@id":"https:\/\/www.freise-rechtsanwaelte.de\/#website","url":"https:\/\/www.freise-rechtsanwaelte.de\/","name":"Freise Rechtsanw\u00e4lte","description":"Eine weitere WordPress Website","potentialAction":[{"@type":"SearchAction","target":{"@type":"EntryPoint","urlTemplate":"https:\/\/www.freise-rechtsanwaelte.de\/?s={search_term_string}"},"query-input":"required name=search_term_string"}],"inLanguage":"en-US"}]}},"_links":{"self":[{"href":"https:\/\/www.freise-rechtsanwaelte.de\/en\/wp-json\/wp\/v2\/pages\/1056\/"}],"collection":[{"href":"https:\/\/www.freise-rechtsanwaelte.de\/en\/wp-json\/wp\/v2\/pages\/"}],"about":[{"href":"https:\/\/www.freise-rechtsanwaelte.de\/en\/wp-json\/wp\/v2\/types\/page\/"}],"author":[{"embeddable":true,"href":"https:\/\/www.freise-rechtsanwaelte.de\/en\/wp-json\/wp\/v2\/users\/2\/"}],"replies":[{"embeddable":true,"href":"https:\/\/www.freise-rechtsanwaelte.de\/en\/wp-json\/wp\/v2\/comments\/?post=1056"}],"version-history":[{"count":4,"href":"https:\/\/www.freise-rechtsanwaelte.de\/en\/wp-json\/wp\/v2\/pages\/1056\/revisions\/"}],"predecessor-version":[{"id":1617,"href":"https:\/\/www.freise-rechtsanwaelte.de\/en\/wp-json\/wp\/v2\/pages\/1056\/revisions\/1617\/"}],"wp:attachment":[{"href":"https:\/\/www.freise-rechtsanwaelte.de\/en\/wp-json\/wp\/v2\/media\/?parent=1056"}],"curies":[{"name":"wp","href":"https:\/\/api.w.org\/{rel}","templated":true}]}}